{"id":10,"date":"2012-03-20T08:43:44","date_gmt":"2012-03-20T08:43:44","guid":{"rendered":"http:\/\/192.168.80.12\/wpcalabria\/comunedemo\/?page_id=10"},"modified":"2023-03-01T15:10:59","modified_gmt":"2023-03-01T15:10:59","slug":"home","status":"publish","type":"page","link":"https:\/\/suaponline.asmez.it\/caggiano\/","title":{"rendered":"Home"},"content":{"rendered":"<p style=\"text-align: justify;\"><span style=\"font-size: 14px;\"><span style=\"font-family: tahoma, geneva, sans-serif;\"><span style=\"color: #333333;\">Lo Sportello Unico per le Attivit\u00e0 Produttive (SUAP) \u00e8 uno strumento innovativo in grado di<\/span> <span style=\"color: #333333;\">semplificare<\/span><span style=\"color: #333333;\"> e concludere in minor tempo le pratiche, presso un solo ufficio. \u00c8 un servizio per chi fa impresa e per chi vuole fare impresa.<br \/>\nIl nuovo Portale dedicato al SUAP permette di avere informazioni sui servizi forniti dallo Sportello Unico, sulla tipologia dei procedimenti amministrativi autorizzativi, sull&#8217;iter e sui tempi di emissione degli atti e sugli adempimenti necessari all&#8217;avvio e gestione di una attivit\u00e0 imprenditoriale.<\/span><\/span><\/span><\/p>\n<hr \/>\n<p style=\"text-align: left;\"><span style=\"font-size: 14px;\"><span style=\"font-family: tahoma, geneva, sans-serif;\"><a href=\"index.php?action=index&amp;p=73\"><span style=\"color: #000080;\"><strong>Regolamento per la gestione dello Sportello Unico della Attivit\u00e0 Produttive.<\/strong><\/span><\/a><\/span><\/span><\/p>\n<hr \/>\n<p style=\"text-align: justify;\"><span style=\"font-size: 14px;\"><span style=\"font-family: tahoma, geneva, sans-serif;\"><span style=\"color: #000080;\"><strong>Per qualunque richiesta di chiarimenti\u00a0 che dovesse sorgere a partire dalla fase di compilazione della modulistica, l\u2019ufficio \u00e8 a disposizione dell\u2019utenza nella sede ed orari indicati.<\/strong><\/span><\/span><\/span><\/p>\n<p>&nbsp;<\/p>\n<table style=\"width: 100%;\" border=\"0\" cellspacing=\"1\" cellpadding=\"1\" align=\"center\">\n<tbody>\n<tr>\n<td style=\"text-align: center; background-color: #cccccc;\" bgcolor=\"#cccccc\"><span style=\"font-size: 14px;\"><span style=\"font-family: tahoma, geneva, sans-serif;\"><strong><span style=\"color: #000080;\">Informazioni sullo Sportello Unico Attivit\u00e0 Produttive<\/span><\/strong><\/span><\/span><\/td>\n<td style=\"text-align: center; background-color: #cccccc;\" bgcolor=\"#cccccc\"><span style=\"font-size: 14px;\"><span style=\"font-family: tahoma, geneva, sans-serif;\"><strong><span style=\"color: #000080;\">Orari di Apertura<\/span><\/strong><\/span><\/span><\/td>\n<\/tr>\n<tr>\n<td style=\"text-align: center;\" bgcolor=\"#ffffff\">\n<p style=\"text-align: left;\"><span style=\"font-size: 14px;\"><span style=\"font-family: tahoma, geneva, sans-serif;\"><span style=\"color: #333399;\"><strong>\u00a0 \u00a0 \u00a0 \u00a0 \u00a0<\/strong><\/span><span style=\"line-height: 1.52em; color: #333399;\"><strong style=\"line-height: 1.52em;\">RESPONSABILE<\/strong><\/span><span style=\"line-height: 1.52em; color: #3366ff;\"><strong style=\"line-height: 1.52em;\">:\u00a0<\/strong><span style=\"line-height: 1.52em; color: #000080;\"><strong style=\"line-height: 1.52em;\">Pepe Gelsomino<br \/>\nPepe Donatella<\/strong><\/span><\/span><\/span><\/span><\/p>\n<p style=\"margin: 0px; padding: 0px; line-height: 19.75px; color: #000000; font-family: Tahoma; font-size: 13px; text-align: left;\"><span style=\"font-size: 14px;\"><span style=\"font-family: tahoma, geneva, sans-serif;\"><span style=\"line-height: 1.52em;\"><span style=\"line-height: 1.52em; color: #000080;\">\u00a0 \u00a0 \u00a0\u00a0 Indirizzo: VIALE GIOVANNI PALATUCCI, n. 4<br \/>\n<\/span><\/span><\/span><\/span><span style=\"color: #000080; line-height: 1.52em; font-family: tahoma, geneva, sans-serif; font-size: 14px;\">\u00a0 \u00a0 \u00a0 \u00a0Telefono: 0975 393020 &#8211; int. 1<br \/>\n<\/span><span style=\"color: #000080; line-height: 1.52em; font-family: tahoma, geneva, sans-serif; font-size: 14px;\">\u00a0 \u00a0 \u00a0 \u00a0Fax: 0975 393920<br \/>\n<\/span><span style=\"color: #000080; line-height: 1.52em; font-family: tahoma, geneva, sans-serif; font-size: 14px;\">\u00a0 \u00a0 \u00a0 \u00a0Email PEC : suap.caggiano@asmepec.it<\/span><\/p>\n<p style=\"text-align: left;\"><span style=\"font-size: 14px;\"><span style=\"font-family: tahoma, geneva, sans-serif;\">\u00a0<\/span><\/span><\/p>\n<p style=\"text-align: left;\"><span style=\"font-size: 14px;\"><span style=\"font-family: tahoma, geneva, sans-serif;\">\u00a0<\/span><\/span><\/p>\n<\/td>\n<td style=\"text-align: center;\" bgcolor=\"#ffffff\">\n<table style=\"width: 100%;\" border=\"1\" width=\"290\" cellspacing=\"0\" cellpadding=\"4\" align=\"center\">\n<tbody>\n<tr>\n<td style=\"border: 1px solid black;\"><span style=\"font-size: 14px;\"><span style=\"font-family: tahoma, geneva, sans-serif;\"><span style=\"color: #000080;\"><strong>Giorni<\/strong><\/span><\/span><\/span><\/td>\n<td style=\"text-align: center; border: 1px solid black; margin-left: -1px;\"><span style=\"font-size: 14px;\"><span style=\"font-family: tahoma, geneva, sans-serif;\"><span style=\"color: #000080;\">Mattina<\/span><\/span><\/span><\/td>\n<td style=\"text-align: center; border: 1px solid black; margin-left: -1px;\"><span style=\"font-size: 14px;\"><span style=\"font-family: tahoma, geneva, sans-serif;\"><span style=\"color: #000080;\">Pomeriggio<\/span><\/span><\/span><\/td>\n<\/tr>\n<tr>\n<td style=\"border: 1px solid black;\"><span style=\"font-size: 14px;\"><span style=\"font-family: tahoma, geneva, sans-serif;\"><span style=\"color: #000080;\">Giovedi<\/span><\/span><\/span><\/td>\n<td style=\"text-align: center; border: 1px solid black;\"><span style=\"font-size: 14px;\"><span style=\"font-family: tahoma, geneva, sans-serif;\"><span style=\"color: #000000; line-height: 19.75px;\">9:00 &#8211; 12:00<\/span><\/span><\/span><\/td>\n<td style=\"text-align: center; border: 1px solid black;\"><span style=\"font-size: 14px;\"><span style=\"font-family: tahoma, geneva, sans-serif;\">00:00<\/span><\/span><\/td>\n<\/tr>\n<tr>\n<td style=\"border: 1px solid black;\"><span style=\"font-size: 14px;\"><span style=\"font-family: tahoma, geneva, sans-serif;\"><span style=\"color: #000080;\">Sabato<\/span><\/span><\/span><\/td>\n<td style=\"text-align: center; border: 1px solid black;\"><span style=\"font-size: 14px;\"><span style=\"font-family: tahoma, geneva, sans-serif;\"><span style=\"color: #000000; line-height: 19.75px;\">9:00 &#8211; 12:00<\/span><\/span><\/span><\/td>\n<td style=\"text-align: center; border: 1px solid black;\"><span style=\"font-size: 14px;\"><span style=\"font-family: tahoma, geneva, sans-serif;\">00:00<\/span><\/span><\/td>\n<\/tr>\n<\/tbody>\n<\/table>\n<\/td>\n<\/tr>\n<\/tbody>\n<\/table>\n<p>&nbsp;<\/p>\n","protected":false},"excerpt":{"rendered":"<p>Lo Sportello Unico per le Attivit\u00e0 Produttive (SUAP) \u00e8 uno strumento innovativo in grado di semplificare e concludere in minor tempo le pratiche, presso un solo ufficio. \u00c8 un servizio per chi fa impresa e per chi vuole fare impresa. Il nuovo Portale dedicato al SUAP permette di avere informazioni sui servizi forniti dallo Sportello [&hellip;]<\/p>\n","protected":false},"author":1,"featured_media":0,"parent":0,"menu_order":0,"comment_status":"closed","ping_status":"closed","template":"","meta":[],"_links":{"self":[{"href":"https:\/\/suaponline.asmez.it\/caggiano\/index.php?rest_route=\/wp\/v2\/pages\/10"}],"collection":[{"href":"https:\/\/suaponline.asmez.it\/caggiano\/index.php?rest_route=\/wp\/v2\/pages"}],"about":[{"href":"https:\/\/suaponline.asmez.it\/caggiano\/index.php?rest_route=\/wp\/v2\/types\/page"}],"author":[{"embeddable":true,"href":"https:\/\/suaponline.asmez.it\/caggiano\/index.php?rest_route=\/wp\/v2\/users\/1"}],"replies":[{"embeddable":true,"href":"https:\/\/suaponline.asmez.it\/caggiano\/index.php?rest_route=%2Fwp%2Fv2%2Fcomments&post=10"}],"version-history":[{"count":33,"href":"https:\/\/suaponline.asmez.it\/caggiano\/index.php?rest_route=\/wp\/v2\/pages\/10\/revisions"}],"predecessor-version":[{"id":176,"href":"https:\/\/suaponline.asmez.it\/caggiano\/index.php?rest_route=\/wp\/v2\/pages\/10\/revisions\/176"}],"wp:attachment":[{"href":"https:\/\/suaponline.asmez.it\/caggiano\/index.php?rest_route=%2Fwp%2Fv2%2Fmedia&parent=10"}],"curies":[{"name":"wp","href":"https:\/\/api.w.org\/{rel}","templated":true}]}}