{"id":10,"date":"2012-03-20T08:43:44","date_gmt":"2012-03-20T08:43:44","guid":{"rendered":"http:\/\/192.168.80.12\/wpcalabria\/comunedemo\/?page_id=10"},"modified":"2023-12-20T10:31:35","modified_gmt":"2023-12-20T10:31:35","slug":"home","status":"publish","type":"page","link":"https:\/\/suaponline.asmez.it\/santangeloascala\/","title":{"rendered":"Home"},"content":{"rendered":"<p style=\"text-align: justify;\"><span style=\"color: #333333;\"><span style=\"font-size: medium;\"><span style=\"font-family: Arial;\">Lo Sportello Unico per le Attivit\u00e0 Produttive (SUAP) \u00e8 uno strumento innovativo in grado di<\/span><\/span><\/span> <span style=\"color: #333333;\"><span style=\"font-size: medium;\"><span style=\"font-family: Arial;\">semplificare<\/span><\/span><\/span><span style=\"color: #333333;\"><span style=\"font-size: medium;\"><span style=\"font-family: Arial;\"> e concludere in minor tempo le pratiche, presso un solo ufficio. \u00c8 un servizio per chi fa impresa e per chi vuole fare impresa.<br \/>\nIl nuovo Portale dedicato al SUAP permette di avere informazioni sui servizi forniti dallo Sportello Unico, sulla tipologia dei procedimenti amministrativi autorizzativi, sull&#8217;iter e sui tempi di emissione degli atti e sugli adempimenti necessari all&#8217;avvio e gestione di una attivit\u00e0 imprenditoriale.<\/span><\/span><\/span><\/p>\n<hr \/>\n<p style=\"text-align: left;\"><a href=\"index.php?action=index&amp;p=73\"><span style=\"color: #000080;\"><strong><span style=\"font-size: medium;\">Regolamento per la gestione dello Sportello Unico della Attivit\u00e0Produttive.<\/span><\/strong><\/span><\/a><\/p>\n<hr \/>\n<p style=\"text-align: justify;\"><span style=\"font-size: small;\"><span style=\"font-family: Verdana;\"><span style=\"color: #000080;\"><strong>Per qualunque richiesta di chiarimenti\u00a0 che dovesse sorgere a partire dalla fase di compilazione della modulistica, l\u2019ufficio \u00e8 a disposizione dell\u2019utenza nella sede ed orari indicati.<\/strong><\/span><\/span><\/span><span style=\"font-family: Verdana;\"><span style=\"color: #ff9900;\"><br \/>\n<\/span><\/span><\/p>\n<table style=\"width: 729px; height: 187px;\" border=\"0\" cellspacing=\"1\" cellpadding=\"1\" align=\"center\">\n<tbody>\n<tr>\n<td style=\"text-align: center; background-color: #cccccc;\" bgcolor=\"#cccccc\"><strong><span style=\"font-size: medium;\"><span style=\"color: #000080;\"><span style=\"font-family: Arial;\">Informazioni sullo Sportello Unico Attivit\u00e0 Produttive<\/span><\/span><\/span><\/strong><\/td>\n<td style=\"text-align: center; background-color: #cccccc;\" bgcolor=\"#cccccc\"><strong><span style=\"font-size: medium;\"><span style=\"color: #000080;\"><span style=\"font-family: Arial;\">Orari di Apertura<\/span><\/span><\/span><\/strong><\/td>\n<\/tr>\n<tr>\n<td style=\"text-align: center;\" bgcolor=\"#ffffff\">\n<p style=\"text-align: left;\"><span style=\"font-size: small;\"><span style=\"font-family: Arial;\"><span style=\"color: #333399;\"><strong>\u00a0\u00a0\u00a0\u00a0\u00a0 <\/strong><\/span><\/span><\/span><span style=\"font-size: small;\"><span style=\"font-family: Arial;\"><span style=\"color: #333399;\"><strong>\u00a0<\/strong><\/span><\/span><\/span><span style=\"font-family: Arial; line-height: 1.52em; font-size: small; color: #333399;\"><strong style=\"line-height: 1.52em;\">RESPONSABILE: Zaccaria Saverio<\/strong><\/span><span style=\"font-family: Arial; line-height: 1.52em; font-size: small; color: #3366ff;\"><strong><br \/>\n<\/strong><\/span><\/p>\n<p style=\"margin: 0px; padding: 0px; line-height: 19.75px; color: #000000; font-family: Tahoma; font-size: 13px; text-align: left;\"><span style=\"line-height: 1.52em; font-size: small;\"><span style=\"line-height: 1.52em; color: #000080;\">\u00a0 \u00a0 \u00a0\u00a0 Indirizzo: Piazza San Giacomo, 1 <br style=\"line-height: 1.52em;\" \/><\/span><\/span><\/p>\n<p style=\"margin: 0px; padding: 0px; line-height: 19.75px; color: #000000; font-family: Tahoma; font-size: 13px; text-align: left;\"><span style=\"line-height: 1.52em; font-size: small;\"><span style=\"line-height: 1.52em; color: #000080;\">\u00a0\u00a0\u00a0\u00a0\u00a0\u00a0 Telefono: 0825902063<\/span><br style=\"line-height: 1.52em;\" \/><\/span><\/p>\n<p style=\"margin: 0px; padding: 0px; line-height: 19.75px; color: #000000; font-family: Tahoma; font-size: 13px; text-align: left;\"><span style=\"line-height: 1.52em; font-size: small;\"><span style=\"line-height: 1.52em; color: #000080;\">\u00a0\u00a0\u00a0\u00a0\u00a0\u00a0 Fax:\u00a0<\/span><\/span><span style=\"line-height: 1.52em; font-size: small;\"><span style=\"line-height: 1.52em; color: #000080;\">0825902788<\/span><\/span><span style=\"line-height: 1.52em; font-size: small;\"><br style=\"line-height: 1.52em;\" \/><\/span><\/p>\n<p style=\"margin: 0px; padding: 0px; line-height: 19.75px; color: #000000; font-family: Tahoma; font-size: 13px; text-align: left;\"><span style=\"line-height: 1.52em; font-size: small;\"><span style=\"line-height: 1.52em; color: #000080;\">\u00a0\u00a0\u00a0\u00a0\u00a0\u00a0 Email PEC : santangeloascala@asmepec.i<\/span><\/span>t<\/p>\n<p style=\"text-align: left;\">\n<\/td>\n<td style=\"text-align: center;\" bgcolor=\"#ffffff\">\n<table border=\"1\" width=\"290\" cellspacing=\"0\" cellpadding=\"4\" align=\"center\">\n<tbody>\n<tr>\n<td style=\"border: 1px solid black;\"><span style=\"color: #000080;\"><strong>Giorni<\/strong><\/span><\/td>\n<td style=\"text-align: center; border: 1px solid black; margin-left: -1px;\"><span style=\"color: #000080;\">Mattina<\/span><\/td>\n<td style=\"text-align: center; border: 1px solid black; margin-left: -1px;\"><span style=\"color: #000080;\">Pomeriggio<\/span><\/td>\n<\/tr>\n<tr>\n<td style=\"border-color: #000000; border: 1px solid black;\"><span style=\"color: #000080;\">Lunedi<br \/>\n<\/span><\/td>\n<td style=\"text-align: center; border: 1px solid black;\"><span style=\"color: #000080;\">08-14<\/span><\/td>\n<td style=\"text-align: center; border: 1px solid black;\"><span style=\"color: #000080;\">&#8211;<\/span><\/td>\n<\/tr>\n<tr>\n<td style=\"border: 1px solid black;\"><span style=\"color: #000080;\">Martedi<\/span><\/td>\n<td style=\"text-align: center; border: 1px solid black;\"><span style=\"color: #000080;\">08-14<\/span><\/td>\n<td style=\"text-align: center; border: 1px solid black;\"><span style=\"color: #000080;\">15.30-18.30<\/span><\/td>\n<\/tr>\n<tr>\n<td style=\"border: 1px solid black;\"><span style=\"color: #000080;\">Mercoledi<br \/>\n<\/span><\/td>\n<td style=\"text-align: center; border: 1px solid black;\"><span style=\"color: #000080;\">08-14<\/span><\/td>\n<td style=\"text-align: center; border: 1px solid black;\"><span style=\"color: #000080;\">&#8211;<\/span><\/td>\n<\/tr>\n<tr>\n<td style=\"border: 1px solid black;\"><span style=\"color: #000080;\">Giovedi<\/span><\/td>\n<td style=\"text-align: center; border: 1px solid black;\"><span style=\"color: #000080;\">08-14<\/span><\/td>\n<td style=\"text-align: center; border: 1px solid black;\"><span style=\"color: #000080;\">15.30-18.30<\/span><\/td>\n<\/tr>\n<tr>\n<td style=\"border: 1px solid black;\"><span style=\"color: #000080;\">Venerdi<br \/>\n<\/span><\/td>\n<td style=\"text-align: center; border: 1px solid black;\"><span style=\"color: #000080;\">08-14<\/span><\/td>\n<td style=\"text-align: center; border: 1px solid black;\"><span style=\"color: #000080;\">&#8211;<\/span><\/td>\n<\/tr>\n<\/tbody>\n<\/table>\n<\/td>\n<\/tr>\n<\/tbody>\n<\/table>\n","protected":false},"excerpt":{"rendered":"<p>Lo Sportello Unico per le Attivit\u00e0 Produttive (SUAP) \u00e8 uno strumento innovativo in grado di semplificare e concludere in minor tempo le pratiche, presso un solo ufficio. \u00c8 un servizio per chi fa impresa e per chi vuole fare impresa. Il nuovo Portale dedicato al SUAP permette di avere informazioni sui servizi forniti dallo Sportello [&hellip;]<\/p>\n","protected":false},"author":1,"featured_media":0,"parent":0,"menu_order":0,"comment_status":"closed","ping_status":"closed","template":"","meta":[],"_links":{"self":[{"href":"https:\/\/suaponline.asmez.it\/santangeloascala\/index.php?rest_route=\/wp\/v2\/pages\/10"}],"collection":[{"href":"https:\/\/suaponline.asmez.it\/santangeloascala\/index.php?rest_route=\/wp\/v2\/pages"}],"about":[{"href":"https:\/\/suaponline.asmez.it\/santangeloascala\/index.php?rest_route=\/wp\/v2\/types\/page"}],"author":[{"embeddable":true,"href":"https:\/\/suaponline.asmez.it\/santangeloascala\/index.php?rest_route=\/wp\/v2\/users\/1"}],"replies":[{"embeddable":true,"href":"https:\/\/suaponline.asmez.it\/santangeloascala\/index.php?rest_route=%2Fwp%2Fv2%2Fcomments&post=10"}],"version-history":[{"count":33,"href":"https:\/\/suaponline.asmez.it\/santangeloascala\/index.php?rest_route=\/wp\/v2\/pages\/10\/revisions"}],"predecessor-version":[{"id":146,"href":"https:\/\/suaponline.asmez.it\/santangeloascala\/index.php?rest_route=\/wp\/v2\/pages\/10\/revisions\/146"}],"wp:attachment":[{"href":"https:\/\/suaponline.asmez.it\/santangeloascala\/index.php?rest_route=%2Fwp%2Fv2%2Fmedia&parent=10"}],"curies":[{"name":"wp","href":"https:\/\/api.w.org\/{rel}","templated":true}]}}